{"id":71,"date":"2013-01-26T16:58:02","date_gmt":"2013-01-26T15:58:02","guid":{"rendered":"http:\/\/autoservis-begovic.hr\/?page_id=71"},"modified":"2017-06-06T12:08:06","modified_gmt":"2017-06-06T11:08:06","slug":"nasi-partneri","status":"publish","type":"page","link":"https:\/\/autoservis-begovic.hr\/?page_id=71","title":{"rendered":"Partneri"},"content":{"rendered":"<ul>\n<li><a href=\"http:\/\/www.crosig.hr\/\" title=\"Croatia osiguranje\" target=\"_blank\">Croatia osiguranje<\/a><\/li>\n<\/ul>\n<ul>\n<li>Roto diesel Gelen\u010dir d.o.o. <\/li>\n<\/ul>\n<ul>\n<li>Agavid Osijek<\/li>\n<\/ul>\n<ul>\n<li><a href=\"http:\/\/www.autokreso.hr\/\" title=\"Auto Kre\u0161o d.o.o.\" target=\"_blank\">Auto Kre\u0161o d.o.o.<\/a><\/li>\n<\/ul>\n<ul>\n<li><a href=\"http:\/\/www.velepromet.hr\/\" title=\"Velepromet d.o.o.\" target=\"_blank\">Velepromet d.o.o.<\/a><\/li>\n<\/ul>\n<ul>\n<li><a href=\"http:\/\/www.intercars.hr\/home.php\" title=\"Intercars d.o.o.\" target=\"_blank\">Intercars d.o.o.<\/a><\/li>\n<\/ul>\n<ul>\n<li><a href=\"http:\/\/www.tokic.hr\/\" title=\"Toki\u0107 d.o.o.\" target=\"_blank\">Toki\u0107 d.o.o.<\/a><\/li>\n<\/ul>\n<ul>\n<li>\u0160leker d.o.o.<\/li>\n<\/ul>\n<ul>\n<li><a href=\"http:\/\/www.gasdoo.hr\/\" title=\"Gas d.o.o.\" target=\"_blank\">Gas d.o.o.<\/a><\/li>\n<\/ul>\n","protected":false},"excerpt":{"rendered":"<p>Croatia osiguranje Roto diesel Gelen\u010dir d.o.o. Agavid Osijek Auto Kre\u0161o d.o.o. Velepromet d.o.o. Intercars d.o.o. Toki\u0107 d.o.o. \u0160leker d.o.o. Gas &hellip; <span class=\"more-link\"><a href=\"https:\/\/autoservis-begovic.hr\/?page_id=71\">Continue Reading<\/a><\/span><\/p>\n","protected":false},"author":1,"featured_media":0,"parent":0,"menu_order":5,"comment_status":"closed","ping_status":"closed","template":"","meta":{"footnotes":""},"class_list":["post-71","page","type-page","status-publish","hentry"],"yoast_head":"<!-- This site is optimized with the Yoast SEO plugin v24.1 - https:\/\/yoast.com\/wordpress\/plugins\/seo\/ -->\n<title>Partneri - Autoservis Begovi\u0107 Petrijevci<\/title>\n<meta name=\"robots\" content=\"index, follow, max-snippet:-1, max-image-preview:large, max-video-preview:-1\" \/>\n<link rel=\"canonical\" href=\"https:\/\/autoservis-begovic.hr\/?page_id=71\" \/>\n<meta property=\"og:locale\" content=\"en_US\" \/>\n<meta property=\"og:type\" content=\"article\" \/>\n<meta property=\"og:title\" content=\"Partneri - Autoservis Begovi\u0107 Petrijevci\" \/>\n<meta property=\"og:description\" content=\"Croatia osiguranje Roto diesel Gelen\u010dir d.o.o. Agavid Osijek Auto Kre\u0161o d.o.o. Velepromet d.o.o. Intercars d.o.o. Toki\u0107 d.o.o. \u0160leker d.o.o. Gas &hellip; Continue Reading\" \/>\n<meta property=\"og:url\" content=\"https:\/\/autoservis-begovic.hr\/?page_id=71\" \/>\n<meta property=\"og:site_name\" content=\"Autoservis Begovi\u0107 Petrijevci\" \/>\n<meta property=\"article:modified_time\" content=\"2017-06-06T11:08:06+00:00\" \/>\n<script type=\"application\/ld+json\" class=\"yoast-schema-graph\">{\"@context\":\"https:\/\/schema.org\",\"@graph\":[{\"@type\":\"WebPage\",\"@id\":\"https:\/\/autoservis-begovic.hr\/?page_id=71\",\"url\":\"https:\/\/autoservis-begovic.hr\/?page_id=71\",\"name\":\"Partneri - Autoservis Begovi\u0107 Petrijevci\",\"isPartOf\":{\"@id\":\"https:\/\/autoservis-begovic.hr\/#website\"},\"datePublished\":\"2013-01-26T15:58:02+00:00\",\"dateModified\":\"2017-06-06T11:08:06+00:00\",\"inLanguage\":\"en-US\",\"potentialAction\":[{\"@type\":\"ReadAction\",\"target\":[\"https:\/\/autoservis-begovic.hr\/?page_id=71\"]}]},{\"@type\":\"WebSite\",\"@id\":\"https:\/\/autoservis-begovic.hr\/#website\",\"url\":\"https:\/\/autoservis-begovic.hr\/\",\"name\":\"Autoservis Begovi\u0107 Petrijevci\",\"description\":\"Autoservis Begovi\u0107 Petrijevci\",\"potentialAction\":[{\"@type\":\"SearchAction\",\"target\":{\"@type\":\"EntryPoint\",\"urlTemplate\":\"https:\/\/autoservis-begovic.hr\/?s={search_term_string}\"},\"query-input\":{\"@type\":\"PropertyValueSpecification\",\"valueRequired\":true,\"valueName\":\"search_term_string\"}}],\"inLanguage\":\"en-US\"}]}<\/script>\n<!-- \/ Yoast SEO plugin. -->","yoast_head_json":{"title":"Partneri - Autoservis Begovi\u0107 Petrijevci","robots":{"index":"index","follow":"follow","max-snippet":"max-snippet:-1","max-image-preview":"max-image-preview:large","max-video-preview":"max-video-preview:-1"},"canonical":"https:\/\/autoservis-begovic.hr\/?page_id=71","og_locale":"en_US","og_type":"article","og_title":"Partneri - Autoservis Begovi\u0107 Petrijevci","og_description":"Croatia osiguranje Roto diesel Gelen\u010dir d.o.o. Agavid Osijek Auto Kre\u0161o d.o.o. Velepromet d.o.o. Intercars d.o.o. Toki\u0107 d.o.o. \u0160leker d.o.o. Gas &hellip; Continue Reading","og_url":"https:\/\/autoservis-begovic.hr\/?page_id=71","og_site_name":"Autoservis Begovi\u0107 Petrijevci","article_modified_time":"2017-06-06T11:08:06+00:00","schema":{"@context":"https:\/\/schema.org","@graph":[{"@type":"WebPage","@id":"https:\/\/autoservis-begovic.hr\/?page_id=71","url":"https:\/\/autoservis-begovic.hr\/?page_id=71","name":"Partneri - Autoservis Begovi\u0107 Petrijevci","isPartOf":{"@id":"https:\/\/autoservis-begovic.hr\/#website"},"datePublished":"2013-01-26T15:58:02+00:00","dateModified":"2017-06-06T11:08:06+00:00","inLanguage":"en-US","potentialAction":[{"@type":"ReadAction","target":["https:\/\/autoservis-begovic.hr\/?page_id=71"]}]},{"@type":"WebSite","@id":"https:\/\/autoservis-begovic.hr\/#website","url":"https:\/\/autoservis-begovic.hr\/","name":"Autoservis Begovi\u0107 Petrijevci","description":"Autoservis Begovi\u0107 Petrijevci","potentialAction":[{"@type":"SearchAction","target":{"@type":"EntryPoint","urlTemplate":"https:\/\/autoservis-begovic.hr\/?s={search_term_string}"},"query-input":{"@type":"PropertyValueSpecification","valueRequired":true,"valueName":"search_term_string"}}],"inLanguage":"en-US"}]}},"_links":{"self":[{"href":"https:\/\/autoservis-begovic.hr\/index.php?rest_route=\/wp\/v2\/pages\/71","targetHints":{"allow":["GET"]}}],"collection":[{"href":"https:\/\/autoservis-begovic.hr\/index.php?rest_route=\/wp\/v2\/pages"}],"about":[{"href":"https:\/\/autoservis-begovic.hr\/index.php?rest_route=\/wp\/v2\/types\/page"}],"author":[{"embeddable":true,"href":"https:\/\/autoservis-begovic.hr\/index.php?rest_route=\/wp\/v2\/users\/1"}],"replies":[{"embeddable":true,"href":"https:\/\/autoservis-begovic.hr\/index.php?rest_route=%2Fwp%2Fv2%2Fcomments&post=71"}],"version-history":[{"count":11,"href":"https:\/\/autoservis-begovic.hr\/index.php?rest_route=\/wp\/v2\/pages\/71\/revisions"}],"predecessor-version":[{"id":227,"href":"https:\/\/autoservis-begovic.hr\/index.php?rest_route=\/wp\/v2\/pages\/71\/revisions\/227"}],"wp:attachment":[{"href":"https:\/\/autoservis-begovic.hr\/index.php?rest_route=%2Fwp%2Fv2%2Fmedia&parent=71"}],"curies":[{"name":"wp","href":"https:\/\/api.w.org\/{rel}","templated":true}]}}