{"id":6,"date":"2013-01-22T16:47:24","date_gmt":"2013-01-22T15:47:24","guid":{"rendered":"http:\/\/autoservis-begovic.hr\/?page_id=6"},"modified":"2017-06-06T16:00:29","modified_gmt":"2017-06-06T15:00:29","slug":"o-nama","status":"publish","type":"page","link":"https:\/\/autoservis-begovic.hr\/","title":{"rendered":"O nama"},"content":{"rendered":"<p><a href=\"https:\/\/autoservis-begovic.hr\/wp-content\/uploads\/2013\/01\/servis1.png\"><img loading=\"lazy\" decoding=\"async\" src=\"https:\/\/autoservis-begovic.hr\/wp-content\/uploads\/2013\/01\/servis1-300x225.png\" alt=\"servis1\" width=\"300\" height=\"225\" class=\"alignleft size-medium wp-image-85\" \/><\/a><a href=\"https:\/\/autoservis-begovic.hr\/wp-content\/uploads\/2013\/01\/dvoriste.jpg\"><img loading=\"lazy\" decoding=\"async\" src=\"https:\/\/autoservis-begovic.hr\/wp-content\/uploads\/2013\/01\/dvoriste-300x225.jpg\" width=\"300\" height=\"225\" class=\"alignright size-medium wp-image-87\" \/><\/a><\/br><\/p>\n<p><\/br><\/br><\/br><\/br><br \/>\n<\/br><\/br><\/br><\/br><\/p>\n<p>Autoservis Begovi\u0107 j.d.o.o. je trgova\u010dko dru\u0161tvo proiza\u0161lo iz obiteljskog obrta s tridesetogodi\u0161njom tradicijom, koje se bavi servisiranjem i odr\u017eavanjem motornih vozila, osobito osobnih automobila svih marki i modela. <\/br><br \/>\nU obavljanju automehani\u010darskih i drugih poslova kojima se bavimo, na\u0161e uslu\u017eno i stru\u010dno osoblje svakodnevno spaja dugogodi\u0161nje iskustvo i suvremeni pristup. Nudimo sljede\u0107e usluge: <\/p>\n<ul>\n<li>Servis i popravak vozila<\/li>\n<\/ul>\n<ul>\n<li>Auto-limarske i auto-lakirerske usluge<\/li>\n<\/ul>\n<ul>\n<li>Nabava auto-dijelova<\/li>\n<\/ul>\n<ul>\n<li>Auto-dijagnostika<\/li>\n<\/ul>\n<ul>\n<li>Auto-elektrika<\/li>\n<\/ul>\n<ul>\n<li>Trgovina motornim vozilima<\/li>\n<\/ul>\n<ul>\n<li>Posredovanje u trgovini motornim vozilima<\/li>\n<\/ul>\n<ul>\n<li>Punjenje i dezinfekcija klime<\/li>\n<\/ul>\n<ul>\n<li>Zamjena i skladi\u0161tenje zimskih\/ljetnih guma<\/li>\n<\/ul>\n<ul>\n<li>Usluga osiguranja i tehni\u010dkog pregleda vozila<\/li>\n<\/ul>\n<p>Parkirali\u0161ni prostor je osiguran. <\/p>\n<p>Predstavljanje u magazinu Poduzetnik povodom 30 godina djelovanja:<br \/>\n<br \/>\n<a href=\"https:\/\/autoservis-begovic.hr\/wp-content\/uploads\/2017\/06\/Poduzetnik_1.png\">Stranica 1<\/a><br \/>\n<a href=\"https:\/\/autoservis-begovic.hr\/wp-content\/uploads\/2017\/06\/Poduzetnik_2.png\">Stranica 2<\/a><br \/>\n<a href=\"https:\/\/autoservis-begovic.hr\/wp-content\/uploads\/2017\/06\/Poduzetnik_3.png\">Stranica 3<\/a><\/p>\n","protected":false},"excerpt":{"rendered":"<p>Autoservis Begovi\u0107 j.d.o.o. je trgova\u010dko dru\u0161tvo proiza\u0161lo iz obiteljskog obrta s tridesetogodi\u0161njom tradicijom, koje se bavi servisiranjem i odr\u017eavanjem motornih &hellip; <span class=\"more-link\"><a href=\"https:\/\/autoservis-begovic.hr\/\">Continue Reading<\/a><\/span><\/p>\n","protected":false},"author":1,"featured_media":0,"parent":0,"menu_order":1,"comment_status":"closed","ping_status":"closed","template":"","meta":{"footnotes":""},"class_list":["post-6","page","type-page","status-publish","hentry"],"yoast_head":"<!-- This site is optimized with the Yoast SEO plugin v24.1 - https:\/\/yoast.com\/wordpress\/plugins\/seo\/ -->\n<title>O nama - Autoservis Begovi\u0107 Petrijevci<\/title>\n<meta name=\"description\" content=\"Autoservis Begovi\u0107 je licencirani majstorski obrt i obiteljska tvrtka iz Petrijevaca koja se bavi servisiranjem i odr\u017eavanjem motornih vozila.\" \/>\n<meta name=\"robots\" content=\"index, follow, max-snippet:-1, max-image-preview:large, max-video-preview:-1\" \/>\n<link rel=\"canonical\" href=\"https:\/\/autoservis-begovic.hr\/\" \/>\n<meta property=\"og:locale\" content=\"en_US\" \/>\n<meta property=\"og:type\" content=\"article\" \/>\n<meta property=\"og:title\" content=\"O nama - Autoservis Begovi\u0107 Petrijevci\" \/>\n<meta property=\"og:description\" content=\"Autoservis Begovi\u0107 je licencirani majstorski obrt i obiteljska tvrtka iz Petrijevaca koja se bavi servisiranjem i odr\u017eavanjem motornih vozila.\" \/>\n<meta property=\"og:url\" content=\"https:\/\/autoservis-begovic.hr\/\" \/>\n<meta property=\"og:site_name\" content=\"Autoservis Begovi\u0107 Petrijevci\" \/>\n<meta property=\"article:modified_time\" content=\"2017-06-06T15:00:29+00:00\" \/>\n<meta name=\"twitter:label1\" content=\"Est. reading time\" \/>\n\t<meta name=\"twitter:data1\" content=\"1 minute\" \/>\n<script type=\"application\/ld+json\" class=\"yoast-schema-graph\">{\"@context\":\"https:\/\/schema.org\",\"@graph\":[{\"@type\":\"WebPage\",\"@id\":\"https:\/\/autoservis-begovic.hr\/\",\"url\":\"https:\/\/autoservis-begovic.hr\/\",\"name\":\"O nama - Autoservis Begovi\u0107 Petrijevci\",\"isPartOf\":{\"@id\":\"https:\/\/autoservis-begovic.hr\/#website\"},\"primaryImageOfPage\":{\"@id\":\"https:\/\/autoservis-begovic.hr\/#primaryimage\"},\"image\":{\"@id\":\"https:\/\/autoservis-begovic.hr\/#primaryimage\"},\"thumbnailUrl\":\"https:\/\/autoservis-begovic.hr\/wp-content\/uploads\/2013\/01\/servis1-300x225.png\",\"datePublished\":\"2013-01-22T15:47:24+00:00\",\"dateModified\":\"2017-06-06T15:00:29+00:00\",\"description\":\"Autoservis Begovi\u0107 je licencirani majstorski obrt i obiteljska tvrtka iz Petrijevaca koja se bavi servisiranjem i odr\u017eavanjem motornih vozila.\",\"inLanguage\":\"en-US\",\"potentialAction\":[{\"@type\":\"ReadAction\",\"target\":[\"https:\/\/autoservis-begovic.hr\/\"]}]},{\"@type\":\"ImageObject\",\"inLanguage\":\"en-US\",\"@id\":\"https:\/\/autoservis-begovic.hr\/#primaryimage\",\"url\":\"\",\"contentUrl\":\"\"},{\"@type\":\"WebSite\",\"@id\":\"https:\/\/autoservis-begovic.hr\/#website\",\"url\":\"https:\/\/autoservis-begovic.hr\/\",\"name\":\"Autoservis Begovi\u0107 Petrijevci\",\"description\":\"Autoservis Begovi\u0107 Petrijevci\",\"potentialAction\":[{\"@type\":\"SearchAction\",\"target\":{\"@type\":\"EntryPoint\",\"urlTemplate\":\"https:\/\/autoservis-begovic.hr\/?s={search_term_string}\"},\"query-input\":{\"@type\":\"PropertyValueSpecification\",\"valueRequired\":true,\"valueName\":\"search_term_string\"}}],\"inLanguage\":\"en-US\"}]}<\/script>\n<!-- \/ Yoast SEO plugin. -->","yoast_head_json":{"title":"O nama - Autoservis Begovi\u0107 Petrijevci","description":"Autoservis Begovi\u0107 je licencirani majstorski obrt i obiteljska tvrtka iz Petrijevaca koja se bavi servisiranjem i odr\u017eavanjem motornih vozila.","robots":{"index":"index","follow":"follow","max-snippet":"max-snippet:-1","max-image-preview":"max-image-preview:large","max-video-preview":"max-video-preview:-1"},"canonical":"https:\/\/autoservis-begovic.hr\/","og_locale":"en_US","og_type":"article","og_title":"O nama - Autoservis Begovi\u0107 Petrijevci","og_description":"Autoservis Begovi\u0107 je licencirani majstorski obrt i obiteljska tvrtka iz Petrijevaca koja se bavi servisiranjem i odr\u017eavanjem motornih vozila.","og_url":"https:\/\/autoservis-begovic.hr\/","og_site_name":"Autoservis Begovi\u0107 Petrijevci","article_modified_time":"2017-06-06T15:00:29+00:00","twitter_misc":{"Est. reading time":"1 minute"},"schema":{"@context":"https:\/\/schema.org","@graph":[{"@type":"WebPage","@id":"https:\/\/autoservis-begovic.hr\/","url":"https:\/\/autoservis-begovic.hr\/","name":"O nama - Autoservis Begovi\u0107 Petrijevci","isPartOf":{"@id":"https:\/\/autoservis-begovic.hr\/#website"},"primaryImageOfPage":{"@id":"https:\/\/autoservis-begovic.hr\/#primaryimage"},"image":{"@id":"https:\/\/autoservis-begovic.hr\/#primaryimage"},"thumbnailUrl":"https:\/\/autoservis-begovic.hr\/wp-content\/uploads\/2013\/01\/servis1-300x225.png","datePublished":"2013-01-22T15:47:24+00:00","dateModified":"2017-06-06T15:00:29+00:00","description":"Autoservis Begovi\u0107 je licencirani majstorski obrt i obiteljska tvrtka iz Petrijevaca koja se bavi servisiranjem i odr\u017eavanjem motornih vozila.","inLanguage":"en-US","potentialAction":[{"@type":"ReadAction","target":["https:\/\/autoservis-begovic.hr\/"]}]},{"@type":"ImageObject","inLanguage":"en-US","@id":"https:\/\/autoservis-begovic.hr\/#primaryimage","url":"","contentUrl":""},{"@type":"WebSite","@id":"https:\/\/autoservis-begovic.hr\/#website","url":"https:\/\/autoservis-begovic.hr\/","name":"Autoservis Begovi\u0107 Petrijevci","description":"Autoservis Begovi\u0107 Petrijevci","potentialAction":[{"@type":"SearchAction","target":{"@type":"EntryPoint","urlTemplate":"https:\/\/autoservis-begovic.hr\/?s={search_term_string}"},"query-input":{"@type":"PropertyValueSpecification","valueRequired":true,"valueName":"search_term_string"}}],"inLanguage":"en-US"}]}},"_links":{"self":[{"href":"https:\/\/autoservis-begovic.hr\/index.php?rest_route=\/wp\/v2\/pages\/6","targetHints":{"allow":["GET"]}}],"collection":[{"href":"https:\/\/autoservis-begovic.hr\/index.php?rest_route=\/wp\/v2\/pages"}],"about":[{"href":"https:\/\/autoservis-begovic.hr\/index.php?rest_route=\/wp\/v2\/types\/page"}],"author":[{"embeddable":true,"href":"https:\/\/autoservis-begovic.hr\/index.php?rest_route=\/wp\/v2\/users\/1"}],"replies":[{"embeddable":true,"href":"https:\/\/autoservis-begovic.hr\/index.php?rest_route=%2Fwp%2Fv2%2Fcomments&post=6"}],"version-history":[{"count":40,"href":"https:\/\/autoservis-begovic.hr\/index.php?rest_route=\/wp\/v2\/pages\/6\/revisions"}],"predecessor-version":[{"id":233,"href":"https:\/\/autoservis-begovic.hr\/index.php?rest_route=\/wp\/v2\/pages\/6\/revisions\/233"}],"wp:attachment":[{"href":"https:\/\/autoservis-begovic.hr\/index.php?rest_route=%2Fwp%2Fv2%2Fmedia&parent=6"}],"curies":[{"name":"wp","href":"https:\/\/api.w.org\/{rel}","templated":true}]}}